{"id":213,"date":"2024-09-15T10:58:30","date_gmt":"2024-09-15T13:58:30","guid":{"rendered":"https:\/\/btechgames.com\/?page_id=213"},"modified":"2024-09-15T16:59:05","modified_gmt":"2024-09-15T19:59:05","slug":"nossa-loja","status":"publish","type":"page","link":"https:\/\/btechgames.com\/index.php\/nossa-loja\/","title":{"rendered":"Nossa Loja"},"content":{"rendered":"\n<p>Estamos empolgados em anunciar que nossa loja agora est\u00e1 dispon\u00edvel no MercadoShops e Mercado Livre!\u00a0<\/p>\n\n\n\n<p>Galera, nossa loja est\u00e1 no ar, com alguns Games pra voc\u00eas!!<\/p>\n\n\n\n<p>Os produtos est\u00e3o no Mercado Livre e no MercadoShops.<\/p>\n\n\n\n<p>O que \u00e9 o MercadoShops?<\/p>\n\n\n\n<p><strong>\u00c9 uma plataforma do Mercado Livre que permite criar e gerir uma loja virtual para vender produtos. onde temos mais facilidades para divulgar nossas vendas o Mercado Livre n\u00e3o cobra taxas e podemos fazer os games com um pre\u00e7o muito mais em conta pra voc\u00eas!!<\/strong><\/p>\n\n\n\n<p><a href=\"https:\/\/andersony2004.mercadoshops.com.br\/\" target=\"_blank\" rel=\"noreferrer noopener\">Ent\u00e3o clica aqui e corre l\u00e1 pra conhecer nossa loja no MercadoShops!!<strong>\u00a0<\/strong><\/a><\/p>\n\n\n\n<p>Por enquanto o Mercado Livre n\u00e3o Disponibiliza um link direto para nossa Loja, mas aqui tem alguns produtos que voc\u00ea pode olhar:<\/p>\n\n\n\n<p><\/p>\n\n\n\n<figure class=\"wp-block-image size-large is-resized\"><img loading=\"lazy\" decoding=\"async\" width=\"1024\" height=\"626\" src=\"https:\/\/btechgames.com\/wp-content\/uploads\/2024\/09\/Saturno-2-1024x626.jpg\" alt=\"\" class=\"wp-image-246\" style=\"width:335px;height:auto\" srcset=\"https:\/\/btechgames.com\/wp-content\/uploads\/2024\/09\/Saturno-2-1024x626.jpg 1024w, https:\/\/btechgames.com\/wp-content\/uploads\/2024\/09\/Saturno-2-300x183.jpg 300w, https:\/\/btechgames.com\/wp-content\/uploads\/2024\/09\/Saturno-2-768x469.jpg 768w, https:\/\/btechgames.com\/wp-content\/uploads\/2024\/09\/Saturno-2-1536x939.jpg 1536w, https:\/\/btechgames.com\/wp-content\/uploads\/2024\/09\/Saturno-2-2048x1252.jpg 2048w\" sizes=\"auto, (max-width: 1024px) 100vw, 1024px\" \/><\/figure>\n\n\n\n<p><a href=\"https:\/\/produto.mercadolivre.com.br\/MLB-3737449397-sega-saturn-standard-boto-oval-completo-jogo-_JM\" target=\"_blank\" rel=\"noreferrer noopener\"><strong>SEGA SATURNO LINDO!!<\/strong><\/a><\/p>\n\n\n\n<hr class=\"wp-block-separator has-alpha-channel-opacity\"\/>\n\n\n\n<figure class=\"wp-block-image size-large is-resized\"><img loading=\"lazy\" decoding=\"async\" width=\"939\" height=\"1024\" src=\"https:\/\/btechgames.com\/wp-content\/uploads\/2024\/09\/Snes_Caixa_Original_Inteira-2-939x1024.jpg\" alt=\"\" class=\"wp-image-247\" style=\"width:308px;height:auto\" srcset=\"https:\/\/btechgames.com\/wp-content\/uploads\/2024\/09\/Snes_Caixa_Original_Inteira-2-939x1024.jpg 939w, https:\/\/btechgames.com\/wp-content\/uploads\/2024\/09\/Snes_Caixa_Original_Inteira-2-275x300.jpg 275w, https:\/\/btechgames.com\/wp-content\/uploads\/2024\/09\/Snes_Caixa_Original_Inteira-2-768x837.jpg 768w, https:\/\/btechgames.com\/wp-content\/uploads\/2024\/09\/Snes_Caixa_Original_Inteira-2-1409x1536.jpg 1409w, https:\/\/btechgames.com\/wp-content\/uploads\/2024\/09\/Snes_Caixa_Original_Inteira-2-1879x2048.jpg 1879w\" sizes=\"auto, (max-width: 939px) 100vw, 939px\" \/><\/figure>\n\n\n\n<p><strong><a href=\"https:\/\/produto.mercadolivre.com.br\/MLB-4841115786-super-nintendo-completo-com-caixa-e-super-mario-world-_JM\" target=\"_blank\" rel=\"noreferrer noopener\">SUPER NINTENDO COMPLETO LINDO NA CAIXA<\/a><\/strong><\/p>\n\n\n\n<p><\/p>\n","protected":false},"excerpt":{"rendered":"<p>Estamos empolgados em anunciar que nossa loja agora est\u00e1 dispon\u00edvel no MercadoShops e Mercado Livre!\u00a0 Galera, nossa loja est\u00e1 no ar, com alguns Games pra voc\u00eas!! Os produtos est\u00e3o no Mercado Livre e no MercadoShops. O que \u00e9 o MercadoShops? \u00c9 uma plataforma do Mercado Livre que permite criar e gerir uma loja virtual para [&hellip;]<\/p>\n","protected":false},"author":1,"featured_media":0,"parent":0,"menu_order":0,"comment_status":"closed","ping_status":"closed","template":"","meta":{"footnotes":""},"class_list":["post-213","page","type-page","status-publish","hentry"],"_links":{"self":[{"href":"https:\/\/btechgames.com\/index.php\/wp-json\/wp\/v2\/pages\/213","targetHints":{"allow":["GET"]}}],"collection":[{"href":"https:\/\/btechgames.com\/index.php\/wp-json\/wp\/v2\/pages"}],"about":[{"href":"https:\/\/btechgames.com\/index.php\/wp-json\/wp\/v2\/types\/page"}],"author":[{"embeddable":true,"href":"https:\/\/btechgames.com\/index.php\/wp-json\/wp\/v2\/users\/1"}],"replies":[{"embeddable":true,"href":"https:\/\/btechgames.com\/index.php\/wp-json\/wp\/v2\/comments?post=213"}],"version-history":[{"count":2,"href":"https:\/\/btechgames.com\/index.php\/wp-json\/wp\/v2\/pages\/213\/revisions"}],"predecessor-version":[{"id":248,"href":"https:\/\/btechgames.com\/index.php\/wp-json\/wp\/v2\/pages\/213\/revisions\/248"}],"wp:attachment":[{"href":"https:\/\/btechgames.com\/index.php\/wp-json\/wp\/v2\/media?parent=213"}],"curies":[{"name":"wp","href":"https:\/\/api.w.org\/{rel}","templated":true}]}}