{"id":250,"date":"2024-09-15T17:36:02","date_gmt":"2024-09-15T20:36:02","guid":{"rendered":"https:\/\/btechgames.com\/?page_id=250"},"modified":"2024-09-15T17:36:10","modified_gmt":"2024-09-15T20:36:10","slug":"colabora-com-a-btech-games","status":"publish","type":"page","link":"https:\/\/btechgames.com\/index.php\/colabora-com-a-btech-games\/","title":{"rendered":"COLABORE COM A BTECH GAMES!!"},"content":{"rendered":"\n<p>Galera!! Voc\u00ea pode ser um colaborador do nosso canal e ter seu nome nos nossos videos pra sempre!!<\/p>\n\n\n\n<p>Tudo que arrecadarmos ser\u00e1 revertido para continuar nosso trabalho no Youtube.<\/p>\n\n\n\n<p>\u00c9 isso ai! Basta ajudar com qualquer valor pelo link abaixo e seu nome vai aparecer em pelo menos um dos nossos videos!<\/p>\n\n\n\n<p>O link para ajudar \u00e9:<\/p>\n\n\n\n<p><a href=\"https:\/\/livepix.gg\/btechgames\">https:\/\/livepix.gg\/btechgames<\/a><\/p>\n\n\n\n<p>Ou aponte a Camera do seu celular para o QRCode abaixo (n\u00e3o \u00e9 pelo App do seu banco Beleza?)<\/p>\n\n\n\n<figure class=\"wp-block-image size-full is-resized\"><img loading=\"lazy\" decoding=\"async\" width=\"150\" height=\"154\" src=\"https:\/\/btechgames.com\/wp-content\/uploads\/2024\/09\/image.png\" alt=\"\" class=\"wp-image-251\" style=\"width:334px;height:auto\"\/><\/figure>\n\n\n\n<p>Valeu galera! A contribui\u00e7\u00e3o de voc\u00eas \u00e9 muito importante pro nosso canal!!<\/p>\n","protected":false},"excerpt":{"rendered":"<p>Galera!! Voc\u00ea pode ser um colaborador do nosso canal e ter seu nome nos nossos videos pra sempre!! Tudo que arrecadarmos ser\u00e1 revertido para continuar nosso trabalho no Youtube. \u00c9 isso ai! Basta ajudar com qualquer valor pelo link abaixo e seu nome vai aparecer em pelo menos um dos nossos videos! O link para [&hellip;]<\/p>\n","protected":false},"author":1,"featured_media":0,"parent":0,"menu_order":0,"comment_status":"closed","ping_status":"closed","template":"","meta":{"footnotes":""},"class_list":["post-250","page","type-page","status-publish","hentry"],"_links":{"self":[{"href":"https:\/\/btechgames.com\/index.php\/wp-json\/wp\/v2\/pages\/250","targetHints":{"allow":["GET"]}}],"collection":[{"href":"https:\/\/btechgames.com\/index.php\/wp-json\/wp\/v2\/pages"}],"about":[{"href":"https:\/\/btechgames.com\/index.php\/wp-json\/wp\/v2\/types\/page"}],"author":[{"embeddable":true,"href":"https:\/\/btechgames.com\/index.php\/wp-json\/wp\/v2\/users\/1"}],"replies":[{"embeddable":true,"href":"https:\/\/btechgames.com\/index.php\/wp-json\/wp\/v2\/comments?post=250"}],"version-history":[{"count":2,"href":"https:\/\/btechgames.com\/index.php\/wp-json\/wp\/v2\/pages\/250\/revisions"}],"predecessor-version":[{"id":253,"href":"https:\/\/btechgames.com\/index.php\/wp-json\/wp\/v2\/pages\/250\/revisions\/253"}],"wp:attachment":[{"href":"https:\/\/btechgames.com\/index.php\/wp-json\/wp\/v2\/media?parent=250"}],"curies":[{"name":"wp","href":"https:\/\/api.w.org\/{rel}","templated":true}]}}